{"id":2571,"date":"2023-01-11T14:07:32","date_gmt":"2023-01-11T13:07:32","guid":{"rendered":"https:\/\/wildline.de\/imprint\/"},"modified":"2025-10-01T11:03:13","modified_gmt":"2025-10-01T09:03:13","slug":"informacion-legal","status":"publish","type":"page","link":"https:\/\/wildline.de\/es\/informacion-legal\/","title":{"rendered":"Informaci\u00f3n legal"},"content":{"rendered":"[vc_row type=\u00bbin_container\u00bb full_screen_row_position=\u00bbmiddle\u00bb column_margin=\u00bbdefault\u00bb column_direction=\u00bbdefault\u00bb column_direction_tablet=\u00bbdefault\u00bb column_direction_phone=\u00bbdefault\u00bb scene_position=\u00bbcenter\u00bb text_color=\u00bbdark\u00bb text_align=\u00bbleft\u00bb row_border_radius=\u00bbnone\u00bb row_border_radius_applies=\u00bbbg\u00bb overflow=\u00bbvisible\u00bb class=\u00bbpadding-top120 padding-bottom\u00bb overlay_strength=\u00bb0.3&#8243; gradient_direction=\u00bbleft_to_right\u00bb shape_divider_position=\u00bbbottom\u00bb bg_image_animation=\u00bbnone\u00bb gradient_type=\u00bbdefault\u00bb shape_type=\u00bb\u00bb][vc_column column_padding=\u00bbno-extra-padding\u00bb column_padding_tablet=\u00bbinherit\u00bb column_padding_phone=\u00bbinherit\u00bb column_padding_position=\u00bball\u00bb column_element_direction_desktop=\u00bbdefault\u00bb column_element_spacing=\u00bbdefault\u00bb desktop_text_alignment=\u00bbdefault\u00bb tablet_text_alignment=\u00bbdefault\u00bb phone_text_alignment=\u00bbdefault\u00bb background_color_opacity=\u00bb1&#8243; background_hover_color_opacity=\u00bb1&#8243; column_backdrop_filter=\u00bbnone\u00bb column_shadow=\u00bbnone\u00bb column_border_radius=\u00bbnone\u00bb column_link_target=\u00bb_self\u00bb column_position=\u00bbdefault\u00bb gradient_direction=\u00bbleft_to_right\u00bb overlay_strength=\u00bb0.3&#8243; width=\u00bb1\/1&#8243; tablet_width_inherit=\u00bbdefault\u00bb animation_type=\u00bbdefault\u00bb bg_image_animation=\u00bbnone\u00bb border_type=\u00bbsimple\u00bb column_border_width=\u00bbnone\u00bb column_border_style=\u00bbsolid\u00bb][vc_column_text css=\u00bb\u00bb text_direction=\u00bbdefault\u00bb]\n<h1>Informaci\u00f3n legal<\/h1>\n<h3>Informaci\u00f3n en virtud del art. 5 de la Ley alemana de servicios de telecomunicaci\u00f3n (TMG)<\/h3>\n<p>WILDLINE BAD WILDBAD GmbH<br \/>\nHindenburgstra\u00dfe 5<br \/>\n88499 Riedlingen (Alemania)<\/p>\n<p>Registro mercantil: HRB 746194<br \/>\nTribunal de registro: Ulm<\/p>\n<p>Representada por:<br \/>\nG\u00fcnter Eberhardt<\/p>\n<p>&nbsp;<\/p>\n<h3>Contacto<\/h3>\n<p>Tel\u00e9fono: <a href=\"tel:07081-9557730\">07081-9557730<\/a><br \/>\nCorreo electr\u00f3nico: <a href=\"mailto:willkommen@wildline.de\">willkommen@wildline.de<\/a><\/p>\n<p>&nbsp;<\/p>\n<h3>N\u00famero de identificaci\u00f3n fiscal<\/h3>\n<p>N\u00famero de identificaci\u00f3n fiscal en virtud del art. 27 de la Ley alemana del impuesto sobre el valor a\u00f1adido:<br \/>\nDE354904360<\/p>\n<p>&nbsp;<\/p>\n<h3>Resoluci\u00f3n de litigios en la UE<\/h3>\n<p>La Comisi\u00f3nEuropea ofrece una plataforma para la resoluci\u00f3n de litigios en l\u00ednea: <a href=\"https:\/\/ec.europa.eu\/consumers\/odr\/\" target=\"_blank\" rel=\"noopener\">https:\/\/ec.europa.eu\/consumers\/odr\/<\/a>.<br \/>\nEncontrar\u00e1 nuestra direcci\u00f3n de correo electr\u00f3nico en la informaci\u00f3n legal que aparece arriba.<\/p>\n<p>&nbsp;<\/p>\n<h3>Resoluci\u00f3n de conflictos de consumo \/ \u00f3rgano de conciliaci\u00f3n universal<\/h3>\n<p>No estamos dispuestos ni estaremos obligados a participar en procedimientos de resoluci\u00f3n de conflictos ante oficinas de arbitraje de consumo.<\/p>\n<p>&nbsp;<\/p>\n<h3>Dise\u00f1o web &amp; Realizaci\u00f3n<\/h3>\n<p>tp Werbeagentur<br \/>\nPaul-Ehrlich-Str. 13, 79106 Freiburg i.Br. (Alemania)<br \/>\n<a href=\"mailto:info@tp-werbeagentur.de\">info@tp-werbeagentur.de<\/a><br \/>\n<a href=\"http:\/\/www.tp-werbeagentur.de\" target=\"_blank\" rel=\"noopener\">www.tp-werbeagentur.de<\/a>[\/vc_column_text][\/vc_column][\/vc_row][vc_row type=\u00bbin_container\u00bb full_screen_row_position=\u00bbmiddle\u00bb column_margin=\u00bbdefault\u00bb column_direction=\u00bbdefault\u00bb column_direction_tablet=\u00bbdefault\u00bb column_direction_phone=\u00bbdefault\u00bb scene_position=\u00bbcenter\u00bb text_color=\u00bbdark\u00bb text_align=\u00bbleft\u00bb row_border_radius=\u00bbnone\u00bb row_border_radius_applies=\u00bbbg\u00bb overflow=\u00bbvisible\u00bb overlay_strength=\u00bb0.3&#8243; gradient_direction=\u00bbleft_to_right\u00bb shape_divider_position=\u00bbbottom\u00bb bg_image_animation=\u00bbnone\u00bb gradient_type=\u00bbdefault\u00bb shape_type=\u00bb\u00bb][vc_column column_padding=\u00bbno-extra-padding\u00bb column_padding_tablet=\u00bbinherit\u00bb column_padding_phone=\u00bbinherit\u00bb column_padding_position=\u00bball\u00bb column_element_direction_desktop=\u00bbdefault\u00bb column_element_spacing=\u00bbdefault\u00bb desktop_text_alignment=\u00bbdefault\u00bb tablet_text_alignment=\u00bbdefault\u00bb phone_text_alignment=\u00bbdefault\u00bb background_color_opacity=\u00bb1&#8243; background_hover_color_opacity=\u00bb1&#8243; column_backdrop_filter=\u00bbnone\u00bb column_shadow=\u00bbnone\u00bb column_border_radius=\u00bbnone\u00bb column_link_target=\u00bb_self\u00bb column_position=\u00bbdefault\u00bb gradient_direction=\u00bbleft_to_right\u00bb overlay_strength=\u00bb0.3&#8243; width=\u00bb1\/1&#8243; tablet_width_inherit=\u00bbdefault\u00bb animation_type=\u00bbdefault\u00bb bg_image_animation=\u00bbnone\u00bb border_type=\u00bbsimple\u00bb column_border_width=\u00bbnone\u00bb column_border_style=\u00bbsolid\u00bb][nectar_global_section id=\u00bb38&#8243;][\/vc_column][\/vc_row]\n","protected":false},"excerpt":{"rendered":"<p>[vc_row type=\u00bbin_container\u00bb full_screen_row_position=\u00bbmiddle\u00bb column_margin=\u00bbdefault\u00bb column_direction=\u00bbdefault\u00bb column_direction_tablet=\u00bbdefault\u00bb column_direction_phone=\u00bbdefault\u00bb scene_position=\u00bbcenter\u00bb text_color=\u00bbdark\u00bb text_align=\u00bbleft\u00bb row_border_radius=\u00bbnone\u00bb row_border_radius_applies=\u00bbbg\u00bb overflow=\u00bbvisible\u00bb class=\u00bbpadding-top120 padding-bottom\u00bb overlay_strength=\u00bb0.3&#8243; gradient_direction=\u00bbleft_to_right\u00bb shape_divider_position=\u00bbbottom\u00bb bg_image_animation=\u00bbnone\u00bb gradient_type=\u00bbdefault\u00bb shape_type=\u00bb\u00bb][vc_column column_padding=\u00bbno-extra-padding\u00bb column_padding_tablet=\u00bbinherit\u00bb column_padding_phone=\u00bbinherit\u00bb column_padding_position=\u00bball\u00bb column_element_direction_desktop=\u00bbdefault\u00bb column_element_spacing=\u00bbdefault\u00bb desktop_text_alignment=\u00bbdefault\u00bb tablet_text_alignment=\u00bbdefault\u00bb phone_text_alignment=\u00bbdefault\u00bb&#8230;<\/p>\n","protected":false},"author":1,"featured_media":0,"parent":0,"menu_order":5,"comment_status":"closed","ping_status":"closed","template":"","meta":{"_acf_changed":false,"inline_featured_image":false,"footnotes":""},"class_list":["post-2571","page","type-page","status-publish"],"acf":[],"yoast_head":"<!-- This site is optimized with the Yoast SEO plugin v27.4 - https:\/\/yoast.com\/product\/yoast-seo-wordpress\/ -->\n<title>Informaci\u00f3n legal | Wildline | Bad Wildbad<\/title>\n<meta name=\"description\" content=\"Forma jur\u00eddica \u279c Representantes autorizados \u279c Domicilio social y direcci\u00f3n \u279c Descargo de responsabilidad \u279c Registro mercantil - Informaci\u00f3n legal\" \/>\n<meta name=\"robots\" content=\"index, follow, max-snippet:-1, max-image-preview:large, max-video-preview:-1\" \/>\n<link rel=\"canonical\" href=\"https:\/\/wildline.de\/es\/informacion-legal\/\" \/>\n<meta property=\"og:locale\" content=\"es_ES\" \/>\n<meta property=\"og:type\" content=\"article\" \/>\n<meta property=\"og:title\" content=\"Informaci\u00f3n legal | Wildline | Bad Wildbad\" \/>\n<meta property=\"og:description\" content=\"Forma jur\u00eddica \u279c Representantes autorizados \u279c Domicilio social y direcci\u00f3n \u279c Descargo de responsabilidad \u279c Registro mercantil - Informaci\u00f3n legal\" \/>\n<meta property=\"og:url\" content=\"https:\/\/wildline.de\/es\/informacion-legal\/\" \/>\n<meta property=\"og:site_name\" content=\"Wildline\" \/>\n<meta property=\"article:modified_time\" content=\"2025-10-01T09:03:13+00:00\" \/>\n<meta name=\"twitter:card\" content=\"summary_large_image\" \/>\n<meta name=\"twitter:label1\" content=\"Tiempo de lectura\" \/>\n\t<meta name=\"twitter:data1\" content=\"1 minuto\" \/>\n<script type=\"application\/ld+json\" class=\"yoast-schema-graph\">{\"@context\":\"https:\\\/\\\/schema.org\",\"@graph\":[{\"@type\":\"WebPage\",\"@id\":\"https:\\\/\\\/wildline.de\\\/es\\\/informacion-legal\\\/\",\"url\":\"https:\\\/\\\/wildline.de\\\/es\\\/informacion-legal\\\/\",\"name\":\"Informaci\u00f3n legal | Wildline | Bad Wildbad\",\"isPartOf\":{\"@id\":\"https:\\\/\\\/wildline.de\\\/es\\\/#website\"},\"datePublished\":\"2023-01-11T13:07:32+00:00\",\"dateModified\":\"2025-10-01T09:03:13+00:00\",\"description\":\"Forma jur\u00eddica \u279c Representantes autorizados \u279c Domicilio social y direcci\u00f3n \u279c Descargo de responsabilidad \u279c Registro mercantil - Informaci\u00f3n legal\",\"breadcrumb\":{\"@id\":\"https:\\\/\\\/wildline.de\\\/es\\\/informacion-legal\\\/#breadcrumb\"},\"inLanguage\":\"es\",\"potentialAction\":[{\"@type\":\"ReadAction\",\"target\":[\"https:\\\/\\\/wildline.de\\\/es\\\/informacion-legal\\\/\"]}]},{\"@type\":\"BreadcrumbList\",\"@id\":\"https:\\\/\\\/wildline.de\\\/es\\\/informacion-legal\\\/#breadcrumb\",\"itemListElement\":[{\"@type\":\"ListItem\",\"position\":1,\"name\":\"Startseite\",\"item\":\"https:\\\/\\\/wildline.de\\\/es\\\/\"},{\"@type\":\"ListItem\",\"position\":2,\"name\":\"Informaci\u00f3n legal\"}]},{\"@type\":\"WebSite\",\"@id\":\"https:\\\/\\\/wildline.de\\\/es\\\/#website\",\"url\":\"https:\\\/\\\/wildline.de\\\/es\\\/\",\"name\":\"Wildline\",\"description\":\"Eine weitere WordPress-Website\",\"potentialAction\":[{\"@type\":\"SearchAction\",\"target\":{\"@type\":\"EntryPoint\",\"urlTemplate\":\"https:\\\/\\\/wildline.de\\\/es\\\/?s={search_term_string}\"},\"query-input\":{\"@type\":\"PropertyValueSpecification\",\"valueRequired\":true,\"valueName\":\"search_term_string\"}}],\"inLanguage\":\"es\"}]}<\/script>\n<!-- \/ Yoast SEO plugin. -->","yoast_head_json":{"title":"Informaci\u00f3n legal | Wildline | Bad Wildbad","description":"Forma jur\u00eddica \u279c Representantes autorizados \u279c Domicilio social y direcci\u00f3n \u279c Descargo de responsabilidad \u279c Registro mercantil - Informaci\u00f3n legal","robots":{"index":"index","follow":"follow","max-snippet":"max-snippet:-1","max-image-preview":"max-image-preview:large","max-video-preview":"max-video-preview:-1"},"canonical":"https:\/\/wildline.de\/es\/informacion-legal\/","og_locale":"es_ES","og_type":"article","og_title":"Informaci\u00f3n legal | Wildline | Bad Wildbad","og_description":"Forma jur\u00eddica \u279c Representantes autorizados \u279c Domicilio social y direcci\u00f3n \u279c Descargo de responsabilidad \u279c Registro mercantil - Informaci\u00f3n legal","og_url":"https:\/\/wildline.de\/es\/informacion-legal\/","og_site_name":"Wildline","article_modified_time":"2025-10-01T09:03:13+00:00","twitter_card":"summary_large_image","twitter_misc":{"Tiempo de lectura":"1 minuto"},"schema":{"@context":"https:\/\/schema.org","@graph":[{"@type":"WebPage","@id":"https:\/\/wildline.de\/es\/informacion-legal\/","url":"https:\/\/wildline.de\/es\/informacion-legal\/","name":"Informaci\u00f3n legal | Wildline | Bad Wildbad","isPartOf":{"@id":"https:\/\/wildline.de\/es\/#website"},"datePublished":"2023-01-11T13:07:32+00:00","dateModified":"2025-10-01T09:03:13+00:00","description":"Forma jur\u00eddica \u279c Representantes autorizados \u279c Domicilio social y direcci\u00f3n \u279c Descargo de responsabilidad \u279c Registro mercantil - Informaci\u00f3n legal","breadcrumb":{"@id":"https:\/\/wildline.de\/es\/informacion-legal\/#breadcrumb"},"inLanguage":"es","potentialAction":[{"@type":"ReadAction","target":["https:\/\/wildline.de\/es\/informacion-legal\/"]}]},{"@type":"BreadcrumbList","@id":"https:\/\/wildline.de\/es\/informacion-legal\/#breadcrumb","itemListElement":[{"@type":"ListItem","position":1,"name":"Startseite","item":"https:\/\/wildline.de\/es\/"},{"@type":"ListItem","position":2,"name":"Informaci\u00f3n legal"}]},{"@type":"WebSite","@id":"https:\/\/wildline.de\/es\/#website","url":"https:\/\/wildline.de\/es\/","name":"Wildline","description":"Eine weitere WordPress-Website","potentialAction":[{"@type":"SearchAction","target":{"@type":"EntryPoint","urlTemplate":"https:\/\/wildline.de\/es\/?s={search_term_string}"},"query-input":{"@type":"PropertyValueSpecification","valueRequired":true,"valueName":"search_term_string"}}],"inLanguage":"es"}]}},"_links":{"self":[{"href":"https:\/\/wildline.de\/es\/wp-json\/wp\/v2\/pages\/2571","targetHints":{"allow":["GET"]}}],"collection":[{"href":"https:\/\/wildline.de\/es\/wp-json\/wp\/v2\/pages"}],"about":[{"href":"https:\/\/wildline.de\/es\/wp-json\/wp\/v2\/types\/page"}],"author":[{"embeddable":true,"href":"https:\/\/wildline.de\/es\/wp-json\/wp\/v2\/users\/1"}],"replies":[{"embeddable":true,"href":"https:\/\/wildline.de\/es\/wp-json\/wp\/v2\/comments?post=2571"}],"version-history":[{"count":8,"href":"https:\/\/wildline.de\/es\/wp-json\/wp\/v2\/pages\/2571\/revisions"}],"predecessor-version":[{"id":3242,"href":"https:\/\/wildline.de\/es\/wp-json\/wp\/v2\/pages\/2571\/revisions\/3242"}],"wp:attachment":[{"href":"https:\/\/wildline.de\/es\/wp-json\/wp\/v2\/media?parent=2571"}],"curies":[{"name":"wp","href":"https:\/\/api.w.org\/{rel}","templated":true}]}}